{"id":1816,"date":"2019-05-16T12:42:24","date_gmt":"2019-05-16T10:42:24","guid":{"rendered":"http:\/\/eadi.com\/noticies\/"},"modified":"2019-09-06T12:08:58","modified_gmt":"2019-09-06T10:08:58","slug":"noticias","status":"publish","type":"page","link":"https:\/\/eadi.com\/es\/noticias\/","title":{"rendered":"Noticias"},"content":{"rendered":"<p>[et_pb_section fb_built=&#8221;1&#8243; _builder_version=&#8221;3.22.2&#8243; custom_margin=&#8221;5px||5px&#8221; custom_padding=&#8221;45px||10px|0px||&#8221;][\/et_pb_section][et_pb_section fb_built=&#8221;1&#8243; custom_padding_last_edited=&#8221;on|tablet&#8221; _builder_version=&#8221;3.22.2&#8243; min_height=&#8221;118px&#8221; custom_margin=&#8221;0px|0px|0px|0px&#8221; custom_padding=&#8221;0px|0px|0px|0px||true&#8221; custom_padding_tablet=&#8221;|0%||0%&#8221;][et_pb_row custom_padding=&#8221;0px||24px|||&#8221; custom_margin=&#8221;0px||0px|&#8221; padding_top_1=&#8221;0px&#8221; padding_right_1=&#8221;0px&#8221; padding_bottom_1=&#8221;0px&#8221; padding_left_1=&#8221;0px&#8221; _builder_version=&#8221;3.22.2&#8243; min_height=&#8221;76px&#8221;][et_pb_column type=&#8221;4_4&#8243; _builder_version=&#8221;3.0.47&#8243;][et_pb_text _builder_version=&#8221;3.22.2&#8243; text_font=&#8221;Raleway|600|||||||&#8221; text_text_color=&#8221;#004288&#8243; text_font_size=&#8221;32px&#8221; text_letter_spacing=&#8221;1px&#8221; text_line_height=&#8221;1.2em&#8221; header_font=&#8221;Raleway|700|||||||&#8221; header_text_align=&#8221;left&#8221; header_text_color=&#8221;#004288&#8243; header_font_size=&#8221;72px&#8221; header_font_size_phone=&#8221;53px&#8221; header_font_size_last_edited=&#8221;on|tablet&#8221; header_2_font=&#8221;||||||||&#8221; header_3_font=&#8221;||||||||&#8221; header_4_font=&#8221;||||||||&#8221; header_5_font=&#8221;Raleway|600|||||||&#8221; header_5_text_align=&#8221;left&#8221; header_5_text_color=&#8221;#2fb3e8&#8243; header_5_font_size=&#8221;26px&#8221; text_orientation=&#8221;center&#8221; width=&#8221;100%&#8221; custom_padding=&#8221;|||0px||&#8221;]<\/p>\n<h1 class=\"p1\">Noticias<\/h1>\n<p>[\/et_pb_text][\/et_pb_column][\/et_pb_row][\/et_pb_section][et_pb_section fb_built=&#8221;1&#8243; module_id=&#8221;skew&#8221; module_class=&#8221;elegantdesign&#8221; _builder_version=&#8221;3.22.2&#8243; background_color=&#8221;#f7f9fb&#8221; custom_padding=&#8221;23px|||||&#8221;][et_pb_row _builder_version=&#8221;3.22.2&#8243;][et_pb_column type=&#8221;4_4&#8243; _builder_version=&#8221;3.0.47&#8243;][et_pb_blog fullwidth=&#8221;off&#8221; show_more=&#8221;on&#8221; show_author=&#8221;off&#8221; show_categories=&#8221;off&#8221; _builder_version=&#8221;3.22.2&#8243; header_font=&#8221;||||||||&#8221; header_font_size=&#8221;26px&#8221; body_font=&#8221;||||||||&#8221; body_text_color=&#8221;#474644&#8243; body_font_size=&#8221;15px&#8221; meta_font=&#8221;||||||||&#8221; meta_font_size=&#8221;13px&#8221; pagination_font=&#8221;||||||||&#8221;]<br \/>\n[\/et_pb_blog][\/et_pb_column][\/et_pb_row][\/et_pb_section][et_pb_section fb_built=&#8221;1&#8243; disabled_on=&#8221;off|off|on&#8221; _builder_version=&#8221;3.22.2&#8243; background_color=&#8221;#004288&#8243; custom_margin_phone=&#8221;0px||0px&#8221; custom_margin_last_edited=&#8221;on|phone&#8221; custom_padding=&#8221;0px||0px&#8221; global_module=&#8221;1531&#8243; saved_tabs=&#8221;all&#8221;][et_pb_row _builder_version=&#8221;3.22.2&#8243;][et_pb_column type=&#8221;4_4&#8243; _builder_version=&#8221;3.0.47&#8243;][et_pb_image src=&#8221;http:\/\/eadi.com\/wp-content\/uploads\/2019\/04\/logo-light2.png&#8221; _builder_version=&#8221;3.22.2&#8243; max_width=&#8221;176px&#8221; module_alignment=&#8221;center&#8221; custom_margin=&#8221;||16px|||&#8221;][\/et_pb_image][et_pb_social_media_follow _builder_version=&#8221;3.22.2&#8243; text_orientation=&#8221;center&#8221; custom_margin=&#8221;17px||8px|||&#8221;][et_pb_social_media_follow_network social_network=&#8221;facebook&#8221; url=&#8221;https:\/\/www.facebook.com\/eadidiomes?fref=ts&#8221; _builder_version=&#8221;3.22.2&#8243; follow_button=&#8221;off&#8221; url_new_window=&#8221;on&#8221;]facebook[\/et_pb_social_media_follow_network][et_pb_social_media_follow_network social_network=&#8221;twitter&#8221; url=&#8221;https:\/\/twitter.com\/EADI_idiomes&#8221; _builder_version=&#8221;3.22.2&#8243; follow_button=&#8221;off&#8221; url_new_window=&#8221;on&#8221;]twitter[\/et_pb_social_media_follow_network][et_pb_social_media_follow_network social_network=&#8221;instagram&#8221; url=&#8221;https:\/\/www.instagram.com\/eadi_idiomes\/&#8221; _builder_version=&#8221;3.22.2&#8243; follow_button=&#8221;off&#8221; url_new_window=&#8221;on&#8221;]instagram[\/et_pb_social_media_follow_network][\/et_pb_social_media_follow][et_pb_text _builder_version=&#8221;3.22.2&#8243; text_font=&#8221;Raleway|600|||||||&#8221; text_text_color=&#8221;#FFFFFF&#8221; text_font_size=&#8221;13px&#8221; text_line_height=&#8221;1.6em&#8221;]<\/p>\n<p class=\"p1\" style=\"text-align: center;\">Enric Borr\u00e0s 61-6308912 Badalona (Barcelona)<br \/> info@eadi.com \/ t 93 384 58 74<\/p>\n<p>[\/et_pb_text][\/et_pb_column][\/et_pb_row][\/et_pb_section][et_pb_section fb_built=&#8221;1&#8243; disabled_on=&#8221;on|on|off&#8221; _builder_version=&#8221;3.22.2&#8243; background_color=&#8221;#004288&#8243; min_height=&#8221;237px&#8221; custom_margin=&#8221;||-34px|||&#8221; global_module=&#8221;1527&#8243; saved_tabs=&#8221;all&#8221;][et_pb_row use_custom_gutter=&#8221;on&#8221; gutter_width=&#8221;2&#8243; module_id_5=&#8221;columna-eliminar&#8221; _builder_version=&#8221;3.22.2&#8243;][et_pb_column type=&#8221;1_5&#8243; _builder_version=&#8221;3.0.47&#8243;][et_pb_text _builder_version=&#8221;3.22.2&#8243; text_font=&#8221;Raleway|600|||||||&#8221; text_text_color=&#8221;#004288&#8243; text_font_size=&#8221;32px&#8221; text_letter_spacing=&#8221;1px&#8221; text_line_height=&#8221;1.2em&#8221; header_font=&#8221;||||||||&#8221; header_text_color=&#8221;#2fb3e8&#8243; header_font_size=&#8221;20px&#8221; header_2_font=&#8221;||||||||&#8221; header_5_font=&#8221;Raleway|600|||||||&#8221; header_5_text_align=&#8221;left&#8221; header_5_text_color=&#8221;#2fb3e8&#8243; header_5_font_size=&#8221;26px&#8221; header_6_font=&#8221;Raleway|700|||||||&#8221; header_6_text_align=&#8221;left&#8221; header_6_text_color=&#8221;#2fb3e8&#8243; header_6_font_size=&#8221;19px&#8221; text_orientation=&#8221;center&#8221; width=&#8221;100%&#8221; custom_margin=&#8221;||1px&#8221; custom_padding=&#8221;|||0px||&#8221;]<\/p>\n<h6>Idiomas<\/h6>\n<p>[\/et_pb_text][et_pb_text _builder_version=&#8221;3.22.2&#8243; text_font=&#8221;Raleway|600|||||||&#8221; text_text_color=&#8221;#FFFFFF&#8221; text_font_size=&#8221;13px&#8221; text_line_height=&#8221;1.6em&#8221; link_font=&#8221;||||||||&#8221; link_text_color=&#8221;#FFFFFF&#8221;]<\/p>\n<p class=\"p2\"><span><a href=\"http:\/\/eadi.com\/es\/idiomas-ingles\/\">Ingl\u00e9s<\/a><br \/> <\/span><span><a href=\"http:\/\/eadi.com\/es\/idiomas-aleman\/\">Alem\u00e1n<\/a><br \/> <\/span><span><a href=\"http:\/\/eadi.com\/es\/idiomas-frances\/\">Franc\u00e9s<\/a><br \/> <a href=\"http:\/\/eadi.com\/es\/idiomas-italiano\/\">Italiano<\/a><br \/> <a href=\"http:\/\/eadi.com\/es\/idiomas-portugues\/\">Portugu\u00e9s<\/a><br \/> <a href=\"http:\/\/eadi.com\/es\/idiomas-chino\/\">Chino<\/a><\/span><\/p>\n<p>[\/et_pb_text][\/et_pb_column][et_pb_column type=&#8221;1_5&#8243; _builder_version=&#8221;3.0.47&#8243;][et_pb_text _builder_version=&#8221;3.22.2&#8243; text_font=&#8221;Raleway|600|||||||&#8221; text_text_color=&#8221;#004288&#8243; text_font_size=&#8221;32px&#8221; text_letter_spacing=&#8221;1px&#8221; text_line_height=&#8221;1.2em&#8221; header_font=&#8221;||||||||&#8221; header_text_color=&#8221;#2fb3e8&#8243; header_font_size=&#8221;20px&#8221; header_2_font=&#8221;||||||||&#8221; header_5_font=&#8221;Raleway|600|||||||&#8221; header_5_text_align=&#8221;left&#8221; header_5_text_color=&#8221;#2fb3e8&#8243; header_5_font_size=&#8221;26px&#8221; header_6_font=&#8221;Raleway|700|||||||&#8221; header_6_text_align=&#8221;left&#8221; header_6_text_color=&#8221;#2fb3e8&#8243; header_6_font_size=&#8221;19px&#8221; text_orientation=&#8221;center&#8221; width=&#8221;100%&#8221; custom_margin=&#8221;||1px&#8221; custom_padding=&#8221;|||0px||&#8221;]<\/p>\n<h6>Cursos<\/h6>\n<p>[\/et_pb_text][et_pb_text _builder_version=&#8221;3.22.2&#8243; text_font=&#8221;Raleway|600|||||||&#8221; text_text_color=&#8221;#FFFFFF&#8221; text_font_size=&#8221;13px&#8221; text_line_height=&#8221;1.6em&#8221; link_font=&#8221;||||||||&#8221; link_text_color=&#8221;#FFFFFF&#8221; custom_margin=&#8221;||22px|||&#8221;]<\/p>\n<p><a href=\"http:\/\/eadi.com\/es\/cursos-ingles-jovenes-adultos\/\">Cursos ingl\u00e9s j\u00f3venes y adultos<\/a><br \/> <a href=\"http:\/\/eadi.com\/es\/cursos-ingles-children-y-juniors\/\">Cursos ingl\u00e9s children y juniors<\/a><br \/> <a href=\"http:\/\/eadi.com\/es\/cursos-ingles-preparacion-examenes\/\">Cursos ingl\u00e9s preparaci\u00f3n ex\u00e1menes<\/a><br \/> <a href=\"http:\/\/eadi.com\/es\/clases-particulares\/\">Clases particulares<\/a><br \/> <a href=\"http:\/\/eadi.com\/es\/cursos-ingles-intensivos\/\">Cursos ingl\u00e9s intensivos<\/a><br \/> <a href=\"http:\/\/eadi.com\/es\/cursos-verano\/\">Cursos verano<\/a><br \/> <a href=\"http:\/\/eadi.com\/es\/cursos-ingles-conversacion\/\">Cursos ingl\u00e9s de conversaci\u00f3n<\/a><br \/> <a href=\"http:\/\/eadi.com\/es\/empresas\/\">Cursos para empresas<\/a><\/p>\n<p>[\/et_pb_text][\/et_pb_column][et_pb_column type=&#8221;1_5&#8243; _builder_version=&#8221;3.0.47&#8243;][et_pb_text _builder_version=&#8221;3.22.2&#8243; text_font=&#8221;Raleway|600|||||||&#8221; text_text_color=&#8221;#004288&#8243; text_font_size=&#8221;32px&#8221; text_letter_spacing=&#8221;1px&#8221; text_line_height=&#8221;1.2em&#8221; header_font=&#8221;||||||||&#8221; header_text_color=&#8221;#2fb3e8&#8243; header_font_size=&#8221;20px&#8221; header_2_font=&#8221;||||||||&#8221; header_5_font=&#8221;Raleway|600|||||||&#8221; header_5_text_align=&#8221;left&#8221; header_5_text_color=&#8221;#2fb3e8&#8243; header_5_font_size=&#8221;26px&#8221; header_6_font=&#8221;Raleway|700|||||||&#8221; header_6_text_align=&#8221;left&#8221; header_6_text_color=&#8221;#2fb3e8&#8243; header_6_font_size=&#8221;19px&#8221; text_orientation=&#8221;center&#8221; width=&#8221;100%&#8221; custom_margin=&#8221;||1px&#8221; custom_padding=&#8221;|||0px||&#8221;]<\/p>\n<h6>EADI<\/h6>\n<p>[\/et_pb_text][et_pb_text _builder_version=&#8221;3.22.2&#8243; text_font=&#8221;Raleway|600|||||||&#8221; text_text_color=&#8221;#FFFFFF&#8221; text_font_size=&#8221;13px&#8221; text_line_height=&#8221;1.6em&#8221; link_font=&#8221;||||||||&#8221; link_text_color=&#8221;#FFFFFF&#8221;]<\/p>\n<p class=\"p1\"><a href=\"http:\/\/eadi.com\/es\/escuela-idiomas\/\">La escuela<\/a><br \/> <a href=\"http:\/\/eadi.com\/es\/noticias\/\">Noticias<\/a><br \/> <a href=\"http:\/\/eadi.com\/es\/contacto\/\">Contacto<\/a><br \/> <a href=\"http:\/\/eadi.com\/es\/aviso-legal\/\">Aviso Legal<\/a><br \/> <a href=\"http:\/\/eadi.com\/es\/politica-de-privacidad\/\">Pol\u00edtica de Privacidad<\/a><\/p>\n<p>[\/et_pb_text][\/et_pb_column][et_pb_column type=&#8221;1_5&#8243; _builder_version=&#8221;3.0.47&#8243;][et_pb_text _builder_version=&#8221;3.22.2&#8243; text_font=&#8221;Raleway|600|||||||&#8221; text_text_color=&#8221;#004288&#8243; text_font_size=&#8221;32px&#8221; text_letter_spacing=&#8221;1px&#8221; text_line_height=&#8221;1.2em&#8221; header_font=&#8221;||||||||&#8221; header_text_color=&#8221;#2fb3e8&#8243; header_font_size=&#8221;20px&#8221; header_2_font=&#8221;||||||||&#8221; header_5_font=&#8221;Raleway|600|||||||&#8221; header_5_text_align=&#8221;left&#8221; header_5_text_color=&#8221;#2fb3e8&#8243; header_5_font_size=&#8221;26px&#8221; header_6_font=&#8221;Raleway|700|||||||&#8221; header_6_text_align=&#8221;left&#8221; header_6_text_color=&#8221;#2fb3e8&#8243; header_6_font_size=&#8221;19px&#8221; text_orientation=&#8221;center&#8221; width=&#8221;100%&#8221; custom_margin=&#8221;||1px&#8221; custom_padding=&#8221;|||0px||&#8221;]<\/p>\n<h6>Cont\u00e1ctanos<\/h6>\n<p>[\/et_pb_text][et_pb_text _builder_version=&#8221;3.22.2&#8243; text_font=&#8221;Raleway|600|||||||&#8221; text_text_color=&#8221;#FFFFFF&#8221; text_font_size=&#8221;13px&#8221; text_line_height=&#8221;1.6em&#8221;]<\/p>\n<p class=\"p1\">Enric Borr\u00e0s 61-63<br \/> 08912 Badalona<br \/> (Barcelona)<br \/> info@eadi.com<br \/> t 93 384 58 74<\/p>\n<p>[\/et_pb_text][et_pb_social_media_follow _builder_version=&#8221;3.22.2&#8243; custom_margin=&#8221;34px||&#8221;][et_pb_social_media_follow_network social_network=&#8221;facebook&#8221; _builder_version=&#8221;3.22.2&#8243; follow_button=&#8221;off&#8221; url_new_window=&#8221;on&#8221;]facebook[\/et_pb_social_media_follow_network][et_pb_social_media_follow_network social_network=&#8221;twitter&#8221; _builder_version=&#8221;3.22.2&#8243; follow_button=&#8221;off&#8221; url_new_window=&#8221;on&#8221;]twitter[\/et_pb_social_media_follow_network][et_pb_social_media_follow_network social_network=&#8221;instagram&#8221; url=&#8221;https:\/\/www.instagram.com\/eadi_idiomes\/&#8221; _builder_version=&#8221;3.22.2&#8243; follow_button=&#8221;off&#8221; url_new_window=&#8221;on&#8221;]instagram[\/et_pb_social_media_follow_network][\/et_pb_social_media_follow][\/et_pb_column][et_pb_column type=&#8221;1_5&#8243; _builder_version=&#8221;3.0.47&#8243;][et_pb_image src=&#8221;http:\/\/eadi.com\/wp-content\/uploads\/2019\/04\/logo-light.png&#8221; url=&#8221;@ET-DC@eyJkeW5hbWljIjp0cnVlLCJjb250ZW50IjoiaG9tZV91cmwiLCJzZXR0aW5ncyI6e319@&#8221; _builder_version=&#8221;3.22.2&#8243; _dynamic_attributes=&#8221;url&#8221; max_width=&#8221;176px&#8221; module_alignment=&#8221;center&#8221; custom_margin=&#8221;0px||&#8221;][\/et_pb_image][\/et_pb_column][\/et_pb_row][\/et_pb_section]<\/p>\n","protected":false},"excerpt":{"rendered":"<p>[et_pb_section fb_built=&#8221;1&#8243; _builder_version=&#8221;3.22.2&#8243; custom_margin=&#8221;5px||5px&#8221; custom_padding=&#8221;45px||10px|0px||&#8221;][\/et_pb_section][et_pb_section fb_built=&#8221;1&#8243; custom_padding_last_edited=&#8221;on|tablet&#8221; _builder_version=&#8221;3.22.2&#8243; min_height=&#8221;118px&#8221; custom_margin=&#8221;0px|0px|0px|0px&#8221; custom_padding=&#8221;0px|0px|0px|0px||true&#8221; custom_padding_tablet=&#8221;|0%||0%&#8221;][et_pb_row custom_padding=&#8221;0px||24px|||&#8221; custom_margin=&#8221;0px||0px|&#8221; padding_top_1=&#8221;0px&#8221; padding_right_1=&#8221;0px&#8221; padding_bottom_1=&#8221;0px&#8221; padding_left_1=&#8221;0px&#8221; _builder_version=&#8221;3.22.2&#8243; min_height=&#8221;76px&#8221;][et_pb_column type=&#8221;4_4&#8243; _builder_version=&#8221;3.0.47&#8243;][et_pb_text _builder_version=&#8221;3.22.2&#8243; text_font=&#8221;Raleway|600|||||||&#8221; text_text_color=&#8221;#004288&#8243; text_font_size=&#8221;32px&#8221; text_letter_spacing=&#8221;1px&#8221; text_line_height=&#8221;1.2em&#8221; header_font=&#8221;Raleway|700|||||||&#8221; header_text_align=&#8221;left&#8221; header_text_color=&#8221;#004288&#8243; header_font_size=&#8221;72px&#8221; header_font_size_phone=&#8221;53px&#8221; header_font_size_last_edited=&#8221;on|tablet&#8221; header_2_font=&#8221;||||||||&#8221; header_3_font=&#8221;||||||||&#8221; header_4_font=&#8221;||||||||&#8221; header_5_font=&#8221;Raleway|600|||||||&#8221; header_5_text_align=&#8221;left&#8221; header_5_text_color=&#8221;#2fb3e8&#8243; header_5_font_size=&#8221;26px&#8221; text_orientation=&#8221;center&#8221; width=&#8221;100%&#8221; custom_padding=&#8221;|||0px||&#8221;] Noticias [\/et_pb_text][\/et_pb_column][\/et_pb_row][\/et_pb_section][et_pb_section fb_built=&#8221;1&#8243; module_id=&#8221;skew&#8221; module_class=&#8221;elegantdesign&#8221; _builder_version=&#8221;3.22.2&#8243; background_color=&#8221;#f7f9fb&#8221; custom_padding=&#8221;23px|||||&#8221;][et_pb_row _builder_version=&#8221;3.22.2&#8243;][et_pb_column type=&#8221;4_4&#8243; _builder_version=&#8221;3.0.47&#8243;][et_pb_blog [&hellip;]<\/p>\n","protected":false},"author":1,"featured_media":0,"parent":0,"menu_order":0,"comment_status":"closed","ping_status":"open","template":"","meta":{"_et_pb_use_builder":"on","_et_pb_old_content":"<!-- wp:paragraph -->\r\n<p>Esta es una p\u00e1gina de ejemplo. Es diferente a una entrada del blog porque permanecer\u00e1 en un solo lugar y aparecer\u00e1 en la navegaci\u00f3n de tu sitio (en la mayor\u00eda de los temas). La mayor\u00eda de las personas comienzan con una p\u00e1gina \u00abAcerca de\u00bb que les presenta a los visitantes potenciales del sitio. Podr\u00edas decir algo as\u00ed:<\/p>\r\n<!-- \/wp:paragraph -->\r\n\r\n<!-- wp:quote -->\r\n<blockquote class=\"wp-block-quote\"><p>\u00a1Bienvenido! Soy camarero de d\u00eda, aspirante a actor de noche y esta es mi web. Vivo en Mairena del Alcor, tengo un perro que se llama Firulais y me gusta el rebujito. (Y las tardes largas con caf\u00e9).<\/p><\/blockquote>\r\n<!-- \/wp:quote -->\r\n\r\n<!-- wp:paragraph -->\r\n<p>\u2026o algo as\u00ed:<\/p>\r\n<!-- \/wp:paragraph -->\r\n\r\n<!-- wp:quote -->\r\n<blockquote class=\"wp-block-quote\"><p>La empresa \u00abMariscos Recio\u00bb fue fundada por Antonio Recio Mata. Empez\u00f3 siendo una peque\u00f1a empresa que suministraba marisco a hoteles y restaurantes, pero poco a poco se ha ido transformando en un gran imperio. Mariscos Recio, el mar al mejor precio.<\/p><\/blockquote>\r\n<!-- \/wp:quote -->\r\n\r\n<!-- wp:paragraph -->\r\n<p>Como nuevo usuario de WordPress, deber\u00edas ir a <a href=\"http:\/\/eadi.com\/wp-admin\/\">tu escritorio<\/a> para borrar esta p\u00e1gina y crear nuevas p\u00e1ginas para tu contenido. \u00a1P\u00e1salo bien!<\/p>\r\n<!-- \/wp:paragraph -->","_et_gb_content_width":"","_monsterinsights_skip_tracking":false,"_monsterinsights_sitenote_active":false,"_monsterinsights_sitenote_note":"","_monsterinsights_sitenote_category":0},"yoast_head":"<!-- This site is optimized with the Yoast SEO plugin v16.4 - https:\/\/yoast.com\/wordpress\/plugins\/seo\/ -->\n<title>Escuela de idiomas en Badalona - Eadi - Noticias de la escuela<\/title>\n<meta name=\"description\" content=\"En esta secci\u00f3n encontrar\u00e1s las noticias m\u00e1s recientes acerca de los proyectos de la escuela as\u00ed como galer\u00edas de fotos de las actividades que realizamos.\" \/>\n<meta name=\"robots\" content=\"index, follow, max-snippet:-1, max-image-preview:large, max-video-preview:-1\" \/>\n<link rel=\"canonical\" href=\"https:\/\/eadi.com\/es\/noticias\/\" \/>\n<meta property=\"og:locale\" content=\"es_ES\" \/>\n<meta property=\"og:type\" content=\"article\" \/>\n<meta property=\"og:title\" content=\"Escuela de idiomas en Badalona - Eadi - Noticias de la escuela\" \/>\n<meta property=\"og:description\" content=\"En esta secci\u00f3n encontrar\u00e1s las noticias m\u00e1s recientes acerca de los proyectos de la escuela as\u00ed como galer\u00edas de fotos de las actividades que realizamos.\" \/>\n<meta property=\"og:url\" content=\"https:\/\/eadi.com\/es\/noticias\/\" \/>\n<meta property=\"og:site_name\" content=\"EADI\" \/>\n<meta property=\"article:publisher\" content=\"https:\/\/www.facebook.com\/eadidiomes?fref=ts\" \/>\n<meta property=\"article:modified_time\" content=\"2019-09-06T10:08:58+00:00\" \/>\n<meta name=\"twitter:card\" content=\"summary_large_image\" \/>\n<meta name=\"twitter:site\" content=\"@EADI_idiomes\" \/>\n<meta name=\"twitter:label1\" content=\"Tiempo de lectura\" \/>\n\t<meta name=\"twitter:data1\" content=\"6 minutos\" \/>\n<script type=\"application\/ld+json\" class=\"yoast-schema-graph\">{\"@context\":\"https:\/\/schema.org\",\"@graph\":[{\"@type\":\"Organization\",\"@id\":\"https:\/\/eadi.com\/#organization\",\"name\":\"EADI. L'escola d'idiomes de Badalona\",\"url\":\"https:\/\/eadi.com\/\",\"sameAs\":[\"https:\/\/www.facebook.com\/eadidiomes?fref=ts\",\"https:\/\/twitter.com\/EADI_idiomes\"],\"logo\":{\"@type\":\"ImageObject\",\"@id\":\"https:\/\/eadi.com\/#logo\",\"inLanguage\":\"es\",\"url\":\"https:\/\/eadi.com\/wp-content\/uploads\/2019\/06\/logooook.jpg\",\"contentUrl\":\"https:\/\/eadi.com\/wp-content\/uploads\/2019\/06\/logooook.jpg\",\"width\":502,\"height\":184,\"caption\":\"EADI. L'escola d'idiomes de Badalona\"},\"image\":{\"@id\":\"https:\/\/eadi.com\/#logo\"}},{\"@type\":\"WebSite\",\"@id\":\"https:\/\/eadi.com\/#website\",\"url\":\"https:\/\/eadi.com\/\",\"name\":\"EADI. L'escola d'idiomes de Badalona\",\"description\":\"L&#039;escola d&#039;idiomes de Badalona\",\"publisher\":{\"@id\":\"https:\/\/eadi.com\/#organization\"},\"potentialAction\":[{\"@type\":\"SearchAction\",\"target\":\"https:\/\/eadi.com\/?s={search_term_string}\",\"query-input\":\"required name=search_term_string\"}],\"inLanguage\":\"es\"},{\"@type\":\"WebPage\",\"@id\":\"https:\/\/eadi.com\/es\/noticias\/#webpage\",\"url\":\"https:\/\/eadi.com\/es\/noticias\/\",\"name\":\"Escuela de idiomas en Badalona - Eadi - Noticias de la escuela\",\"isPartOf\":{\"@id\":\"https:\/\/eadi.com\/#website\"},\"datePublished\":\"2019-05-16T10:42:24+00:00\",\"dateModified\":\"2019-09-06T10:08:58+00:00\",\"description\":\"En esta secci\\u00f3n encontrar\\u00e1s las noticias m\\u00e1s recientes acerca de los proyectos de la escuela as\\u00ed como galer\\u00edas de fotos de las actividades que realizamos.\",\"breadcrumb\":{\"@id\":\"https:\/\/eadi.com\/es\/noticias\/#breadcrumb\"},\"inLanguage\":\"es\",\"potentialAction\":[{\"@type\":\"ReadAction\",\"target\":[\"https:\/\/eadi.com\/es\/noticias\/\"]}]},{\"@type\":\"BreadcrumbList\",\"@id\":\"https:\/\/eadi.com\/es\/noticias\/#breadcrumb\",\"itemListElement\":[{\"@type\":\"ListItem\",\"position\":1,\"item\":{\"@type\":\"WebPage\",\"@id\":\"https:\/\/eadi.com\/\",\"url\":\"https:\/\/eadi.com\/\",\"name\":\"Portada\"}},{\"@type\":\"ListItem\",\"position\":2,\"item\":{\"@id\":\"https:\/\/eadi.com\/es\/noticias\/#webpage\"}}]}]}<\/script>\n<!-- \/ Yoast SEO plugin. -->","post_mailing_queue_ids":[],"_links":{"self":[{"href":"https:\/\/eadi.com\/es\/wp-json\/wp\/v2\/pages\/1816"}],"collection":[{"href":"https:\/\/eadi.com\/es\/wp-json\/wp\/v2\/pages"}],"about":[{"href":"https:\/\/eadi.com\/es\/wp-json\/wp\/v2\/types\/page"}],"author":[{"embeddable":true,"href":"https:\/\/eadi.com\/es\/wp-json\/wp\/v2\/users\/1"}],"replies":[{"embeddable":true,"href":"https:\/\/eadi.com\/es\/wp-json\/wp\/v2\/comments?post=1816"}],"version-history":[{"count":10,"href":"https:\/\/eadi.com\/es\/wp-json\/wp\/v2\/pages\/1816\/revisions"}],"predecessor-version":[{"id":2444,"href":"https:\/\/eadi.com\/es\/wp-json\/wp\/v2\/pages\/1816\/revisions\/2444"}],"wp:attachment":[{"href":"https:\/\/eadi.com\/es\/wp-json\/wp\/v2\/media?parent=1816"}],"curies":[{"name":"wp","href":"https:\/\/api.w.org\/{rel}","templated":true}]}}